{"id":10,"date":"2025-11-05T07:55:53","date_gmt":"2025-11-05T07:55:53","guid":{"rendered":"https:\/\/medioso.info\/2025\/?page_id=10"},"modified":"2025-11-17T10:03:43","modified_gmt":"2025-11-17T10:03:43","slug":"podcastit","status":"publish","type":"page","link":"https:\/\/medioso.info\/2025\/?page_id=10","title":{"rendered":"Podcastit"},"content":{"rendered":"<!-- wp:themify-builder\/canvas \/-->","protected":false},"excerpt":{"rendered":"","protected":false},"author":1,"featured_media":0,"parent":0,"menu_order":0,"comment_status":"closed","ping_status":"closed","template":"","meta":{"footnotes":""},"class_list":["post-10","page","type-page","status-publish","hentry","has-post-title","has-post-date","has-post-category","has-post-tag","has-post-comment","has-post-author",""],"builder_content":"<p>Nothing here yet...<\/p>\n<h3>Aiemmat jaksot<\/h3> <a href=\"https:\/\/medioso.info\/uusi\/podcastit\/\" rel=\"noopener\" target=\"_blank\"> T\u00e4\u00e4lt\u00e4 <\/a>","_links":{"self":[{"href":"https:\/\/medioso.info\/2025\/index.php?rest_route=\/wp\/v2\/pages\/10","targetHints":{"allow":["GET"]}}],"collection":[{"href":"https:\/\/medioso.info\/2025\/index.php?rest_route=\/wp\/v2\/pages"}],"about":[{"href":"https:\/\/medioso.info\/2025\/index.php?rest_route=\/wp\/v2\/types\/page"}],"author":[{"embeddable":true,"href":"https:\/\/medioso.info\/2025\/index.php?rest_route=\/wp\/v2\/users\/1"}],"replies":[{"embeddable":true,"href":"https:\/\/medioso.info\/2025\/index.php?rest_route=%2Fwp%2Fv2%2Fcomments&post=10"}],"version-history":[{"count":14,"href":"https:\/\/medioso.info\/2025\/index.php?rest_route=\/wp\/v2\/pages\/10\/revisions"}],"predecessor-version":[{"id":1353,"href":"https:\/\/medioso.info\/2025\/index.php?rest_route=\/wp\/v2\/pages\/10\/revisions\/1353"}],"wp:attachment":[{"href":"https:\/\/medioso.info\/2025\/index.php?rest_route=%2Fwp%2Fv2%2Fmedia&parent=10"}],"curies":[{"name":"wp","href":"https:\/\/api.w.org\/{rel}","templated":true}]}}